{"id":1707,"date":"2025-11-20T18:08:22","date_gmt":"2025-11-20T18:08:22","guid":{"rendered":"https:\/\/mt-aerospace-guyane.fr\/?page_id=1707"},"modified":"2026-02-03T15:31:43","modified_gmt":"2026-02-03T15:31:43","slug":"news-mt-aerospace","status":"publish","type":"page","link":"https:\/\/mt-aerospace-guyane.fr\/de\/news-mt-aerospace\/","title":{"rendered":"News"},"content":{"rendered":"<div data-elementor-type=\"wp-page\" data-elementor-id=\"1707\" class=\"elementor elementor-1707\" data-elementor-post-type=\"page\">\n\t\t\t\t\t\t<section class=\"elementor-section elementor-top-section elementor-element elementor-element-12ee41d3 elementor-section-full_width elementor-section-height-default elementor-section-height-default wpr-particle-no wpr-jarallax-no wpr-parallax-no wpr-sticky-section-no\" data-id=\"12ee41d3\" data-element_type=\"section\" data-e-type=\"section\" data-settings=\"{&quot;background_background&quot;:&quot;classic&quot;,&quot;jet_parallax_layout_list&quot;:[]}\">\n\t\t\t\t\t\t<div class=\"elementor-container elementor-column-gap-no\">\n\t\t\t\t\t<div class=\"elementor-column elementor-col-100 elementor-top-column elementor-element elementor-element-1ed0a0cf\" data-id=\"1ed0a0cf\" data-element_type=\"column\" data-e-type=\"column\">\n\t\t\t<div class=\"elementor-widget-wrap elementor-element-populated\">\n\t\t\t\t\t\t<div class=\"elementor-element elementor-element-677d0b75 elementor-widget elementor-widget-heading\" data-id=\"677d0b75\" data-element_type=\"widget\" data-e-type=\"widget\" data-widget_type=\"heading.default\">\n\t\t\t\t\t<h2 class=\"elementor-heading-title elementor-size-default\">News <\/h2>\t\t\t\t<\/div>\n\t\t\t\t<div class=\"elementor-element elementor-element-1a7cf2b elementor-widget elementor-widget-text-editor\" data-id=\"1a7cf2b\" data-element_type=\"widget\" data-e-type=\"widget\" data-widget_type=\"text-editor.default\">\n\t\t\t\t\t\t\t\t\t<h3>Neuigkeiten rund um die MT-Luft- und Raumfahrtindustrie<\/h3>\t\t\t\t\t\t\t\t<\/div>\n\t\t\t\t\t<\/div>\n\t\t<\/div>\n\t\t\t\t\t<\/div>\n\t\t<\/section>\n\t\t<div class=\"elementor-element elementor-element-6f95c77 e-flex e-con-boxed wpr-particle-no wpr-jarallax-no wpr-parallax-no wpr-sticky-section-no e-con e-parent\" data-id=\"6f95c77\" data-element_type=\"container\" data-e-type=\"container\" data-settings=\"{&quot;jet_parallax_layout_list&quot;:[]}\">\n\t\t\t\t\t<div class=\"e-con-inner\">\n\t\t\t\t<div class=\"elementor-element elementor-element-ba42eab elementor-widget-divider--view-line elementor-widget elementor-widget-divider\" data-id=\"ba42eab\" data-element_type=\"widget\" data-e-type=\"widget\" data-widget_type=\"divider.default\">\n\t\t\t\t\t\t\t<div class=\"elementor-divider\">\n\t\t\t<span class=\"elementor-divider-separator\">\n\t\t\t\t\t\t<\/span>\n\t\t<\/div>\n\t\t\t\t\t\t<\/div>\n\t\t\t\t\t<\/div>\n\t\t\t\t<\/div>\n\t\t<div class=\"elementor-element elementor-element-10d18f8 e-flex e-con-boxed wpr-particle-no wpr-jarallax-no wpr-parallax-no wpr-sticky-section-no e-con e-parent\" data-id=\"10d18f8\" data-element_type=\"container\" data-e-type=\"container\" data-settings=\"{&quot;jet_parallax_layout_list&quot;:[]}\">\n\t\t\t\t\t<div class=\"e-con-inner\">\n\t\t\t\t<div class=\"elementor-element elementor-element-c9b6f32 wpr-grid-slider-nav-position-custom elementor-widget elementor-widget-wpr-magazine-grid\" data-id=\"c9b6f32\" data-element_type=\"widget\" data-e-type=\"widget\" data-widget_type=\"wpr-magazine-grid.default\">\n\t\t\t\t\t<div class=\"wpr-magazine-grid-wrap\"  data-slide-effect=\"slide\"><section class=\"wpr-magazine-grid wpr-mgzn-grid-2-1-2 wpr-mgzn-grid-rows-2\"><article class=\"wpr-mgzn-grid-item elementor-clearfix post-4262 post type-post status-publish format-standard has-post-thumbnail hentry category-uncategorized tag-csg tag-french-guyana tag-kouou tag-spaceport tag-vega\"><div class=\"wpr-grid-item-inner\"><div class=\"wpr-grid-media-wrap\" data-overlay-link=\"yes\"><div class=\"wpr-grid-image-wrap\" data-src=\"https:\/\/mt-aerospace-guyane.fr\/wp-content\/uploads\/2025\/12\/VA266_Decollage-plan-large_ZL4_0001-1536x1022.jpg.webp\" style=\"background-image: url(https:\/\/mt-aerospace-guyane.fr\/wp-content\/uploads\/2025\/12\/VA266_Decollage-plan-large_ZL4_0001-1536x1022.jpg.webp)\"><\/div><div class=\"wpr-grid-media-hover wpr-animation-wrap\"><div class=\"wpr-grid-media-hover-bg  wpr-overlay-fade-in wpr-anim-size-medium wpr-anim-timing-ease-default wpr-anim-transparency\" data-url=\"https:\/\/mt-aerospace-guyane.fr\/de\/ariane-6-va266-successful-launch\/\"><\/div><div class=\"wpr-grid-media-hover-bottom elementor-clearfix\"><h2 class=\"wpr-grid-item-title elementor-repeater-item-c7c2c4d wpr-grid-item-display-block wpr-grid-item-align-left wpr-pointer-none wpr-pointer-line-fx wpr-pointer-fx-slide\"><div class=\"inner-block\"><a  target=\"_blank\"  href=\"https:\/\/mt-aerospace-guyane.fr\/de\/ariane-6-va266-successful-launch\/\">Ariane 6 - VA266 erfolgreich gestartet<\/a><\/div><\/h2><div class=\"wpr-grid-item-date elementor-repeater-item-4aef31f wpr-grid-item-display-inline wpr-grid-item-align-left\"><div class=\"inner-block\"><span>Dezember 17, 2025<\/span><\/div><\/div><\/div><\/div><\/div><\/div><\/article><article class=\"wpr-mgzn-grid-item elementor-clearfix post-3310 post type-post status-publish format-standard has-post-thumbnail hentry category-uncategorized tag-clean-energy tag-decarbonisation tag-environment tag-hydrogen\"><div class=\"wpr-grid-item-inner\"><div class=\"wpr-grid-media-wrap\" data-overlay-link=\"yes\"><div class=\"wpr-grid-image-wrap\" data-src=\"https:\/\/mt-aerospace-guyane.fr\/wp-content\/uploads\/2025\/12\/hygo-e1765809783381.jpg\" style=\"background-image: url(https:\/\/mt-aerospace-guyane.fr\/wp-content\/uploads\/2025\/12\/hygo-e1765809783381.jpg)\"><\/div><div class=\"wpr-grid-media-hover wpr-animation-wrap\"><div class=\"wpr-grid-media-hover-bg  wpr-overlay-fade-in wpr-anim-size-medium wpr-anim-timing-ease-default wpr-anim-transparency\" data-url=\"https:\/\/mt-aerospace-guyane.fr\/de\/hydrogen-is-the-driver-for-future-decarbonised-mobility-solutions\/\"><\/div><div class=\"wpr-grid-media-hover-bottom elementor-clearfix\"><h2 class=\"wpr-grid-item-title elementor-repeater-item-c7c2c4d wpr-grid-item-display-block wpr-grid-item-align-left wpr-pointer-none wpr-pointer-line-fx wpr-pointer-fx-slide\"><div class=\"inner-block\"><a  target=\"_blank\"  href=\"https:\/\/mt-aerospace-guyane.fr\/de\/hydrogen-is-the-driver-for-future-decarbonised-mobility-solutions\/\">Wasserstoff ist die treibende Kraft f\u00fcr zuk\u00fcnftige dekarbonisierte Mobilit\u00e4tsl\u00f6sungen<\/a><\/div><\/h2><div class=\"wpr-grid-item-date elementor-repeater-item-4aef31f wpr-grid-item-display-inline wpr-grid-item-align-left\"><div class=\"inner-block\"><span>Dezember 11, 2025<\/span><\/div><\/div><\/div><\/div><\/div><\/div><\/article><article class=\"wpr-mgzn-grid-item elementor-clearfix post-56 post type-post status-publish format-standard has-post-thumbnail hentry category-uncategorized\"><div class=\"wpr-grid-item-inner\"><div class=\"wpr-grid-media-wrap\" data-overlay-link=\"yes\"><div class=\"wpr-grid-image-wrap\" data-src=\"https:\/\/mt-aerospace-guyane.fr\/wp-content\/uploads\/2025\/11\/Bild2.jpg\" style=\"background-image: url(https:\/\/mt-aerospace-guyane.fr\/wp-content\/uploads\/2025\/11\/Bild2.jpg)\"><\/div><div class=\"wpr-grid-media-hover wpr-animation-wrap\"><div class=\"wpr-grid-media-hover-bg  wpr-overlay-fade-in wpr-anim-size-medium wpr-anim-timing-ease-default wpr-anim-transparency\" data-url=\"https:\/\/mt-aerospace-guyane.fr\/de\/michael-gartner-in-interview\/\"><\/div><div class=\"wpr-grid-media-hover-bottom elementor-clearfix\"><h2 class=\"wpr-grid-item-title elementor-repeater-item-c7c2c4d wpr-grid-item-display-block wpr-grid-item-align-left wpr-pointer-none wpr-pointer-line-fx wpr-pointer-fx-slide\"><div class=\"inner-block\"><a  target=\"_blank\"  href=\"https:\/\/mt-aerospace-guyane.fr\/de\/michael-gartner-in-interview\/\">Interview mit Regisseur Michael G\u00e4rtner<\/a><\/div><\/h2><div class=\"wpr-grid-item-date elementor-repeater-item-4aef31f wpr-grid-item-display-inline wpr-grid-item-align-left\"><div class=\"inner-block\"><span>Juli 18, 2025<\/span><\/div><\/div><\/div><\/div><\/div><\/div><\/article><article class=\"wpr-mgzn-grid-item elementor-clearfix post-5477 post type-post status-publish format-standard has-post-thumbnail hentry category-uncategorized tag-aerospace-industrie tag-ariane-6\"><div class=\"wpr-grid-item-inner\"><div class=\"wpr-grid-media-wrap\" data-overlay-link=\"yes\"><div class=\"wpr-grid-image-wrap\" data-src=\"https:\/\/mt-aerospace-guyane.fr\/wp-content\/uploads\/2026\/01\/mt_a.png\" style=\"background-image: url(https:\/\/mt-aerospace-guyane.fr\/wp-content\/uploads\/2026\/01\/mt_a.png)\"><\/div><div class=\"wpr-grid-media-hover wpr-animation-wrap\"><div class=\"wpr-grid-media-hover-bg  wpr-overlay-fade-in wpr-anim-size-medium wpr-anim-timing-ease-default wpr-anim-transparency\" data-url=\"https:\/\/mt-aerospace-guyane.fr\/de\/mt-aerospace-image-trailer\/\"><\/div><div class=\"wpr-grid-media-hover-bottom elementor-clearfix\"><h2 class=\"wpr-grid-item-title elementor-repeater-item-c7c2c4d wpr-grid-item-display-block wpr-grid-item-align-left wpr-pointer-none wpr-pointer-line-fx wpr-pointer-fx-slide\"><div class=\"inner-block\"><a  target=\"_blank\"  href=\"https:\/\/mt-aerospace-guyane.fr\/de\/mt-aerospace-image-trailer\/\">MT-Aerospace \/ Image Trailer<\/a><\/div><\/h2><div class=\"wpr-grid-item-date elementor-repeater-item-4aef31f wpr-grid-item-display-inline wpr-grid-item-align-left\"><div class=\"inner-block\"><span>5. Januar 2026<\/span><\/div><\/div><\/div><\/div><\/div><\/div><\/article><article class=\"wpr-mgzn-grid-item elementor-clearfix post-6177 post type-post status-publish format-standard has-post-thumbnail hentry category-uncategorized tag-ariane-6\"><div class=\"wpr-grid-item-inner\"><div class=\"wpr-grid-media-wrap\" data-overlay-link=\"yes\"><div class=\"wpr-grid-image-wrap\" data-src=\"https:\/\/mt-aerospace-guyane.fr\/wp-content\/uploads\/2026\/01\/esa_pic-scaled.png\" style=\"background-image: url(https:\/\/mt-aerospace-guyane.fr\/wp-content\/uploads\/2026\/01\/esa_pic-scaled.png)\"><\/div><div class=\"wpr-grid-media-hover wpr-animation-wrap\"><div class=\"wpr-grid-media-hover-bg  wpr-overlay-fade-in wpr-anim-size-medium wpr-anim-timing-ease-default wpr-anim-transparency\" data-url=\"https:\/\/mt-aerospace-guyane.fr\/de\/ariane-6-rakete-soll-2026-bis-zu-acht-mal-starten\/\"><\/div><div class=\"wpr-grid-media-hover-bottom elementor-clearfix\"><h2 class=\"wpr-grid-item-title elementor-repeater-item-c7c2c4d wpr-grid-item-display-block wpr-grid-item-align-left wpr-pointer-none wpr-pointer-line-fx wpr-pointer-fx-slide\"><div class=\"inner-block\"><a  target=\"_blank\"  href=\"https:\/\/mt-aerospace-guyane.fr\/de\/ariane-6-rakete-soll-2026-bis-zu-acht-mal-starten\/\">Ariane-6-Rakete soll im Jahr 2026 achtmal starten<\/a><\/div><\/h2><div class=\"wpr-grid-item-date elementor-repeater-item-4aef31f wpr-grid-item-display-inline wpr-grid-item-align-left\"><div class=\"inner-block\"><span>Januar 12, 2026<\/span><\/div><\/div><\/div><\/div><\/div><\/div><\/article><\/section><\/div>\t\t\t\t<\/div>\n\t\t\t\t\t<\/div>\n\t\t\t\t<\/div>\n\t\t<div class=\"elementor-element elementor-element-a81884e e-flex e-con-boxed wpr-particle-no wpr-jarallax-no wpr-parallax-no wpr-sticky-section-no e-con e-parent\" data-id=\"a81884e\" data-element_type=\"container\" data-e-type=\"container\" data-settings=\"{&quot;jet_parallax_layout_list&quot;:[]}\">\n\t\t\t\t\t<div class=\"e-con-inner\">\n\t\t\t\t<div class=\"elementor-element elementor-element-5d78807 elementor-widget elementor-widget-heading\" data-id=\"5d78807\" data-element_type=\"widget\" data-e-type=\"widget\" data-widget_type=\"heading.default\">\n\t\t\t\t\t<h2 class=\"elementor-heading-title elementor-size-default\">Links zum Unternehmen<\/h2>\t\t\t\t<\/div>\n\t\t\t\t<div class=\"elementor-element elementor-element-5a10cae elementor-widget elementor-widget-image\" data-id=\"5a10cae\" data-element_type=\"widget\" data-e-type=\"widget\" data-widget_type=\"image.default\">\n\t\t\t\t\t\t\t\t\t\t\t\t\t\t\t\t<a href=\"https:\/\/www.mt-aerospace.de\/news.html\" target=\"_blank\">\n\t\t\t\t\t\t\t<img fetchpriority=\"high\" decoding=\"async\" width=\"554\" height=\"96\" src=\"https:\/\/mt-aerospace-guyane.fr\/wp-content\/uploads\/2025\/12\/mt_a.png\" class=\"attachment-large size-large wp-image-3316\" alt=\"\" srcset=\"https:\/\/mt-aerospace-guyane.fr\/wp-content\/uploads\/2025\/12\/mt_a.png 554w, https:\/\/mt-aerospace-guyane.fr\/wp-content\/uploads\/2025\/12\/mt_a-300x52.png 300w, https:\/\/mt-aerospace-guyane.fr\/wp-content\/uploads\/2025\/12\/mt_a-18x3.png 18w\" sizes=\"(max-width: 554px) 100vw, 554px\" \/>\t\t\t\t\t\t\t\t<\/a>\n\t\t\t\t\t\t\t\t\t\t\t\t\t\t\t<\/div>\n\t\t\t\t<div class=\"elementor-element elementor-element-ff3edfe e-transform elementor-widget elementor-widget-image\" data-id=\"ff3edfe\" data-element_type=\"widget\" data-e-type=\"widget\" data-settings=\"{&quot;_transform_scale_effect&quot;:{&quot;unit&quot;:&quot;px&quot;,&quot;size&quot;:0.7,&quot;sizes&quot;:[]},&quot;_transform_scale_effect_laptop&quot;:{&quot;unit&quot;:&quot;px&quot;,&quot;size&quot;:&quot;&quot;,&quot;sizes&quot;:[]},&quot;_transform_scale_effect_tablet&quot;:{&quot;unit&quot;:&quot;px&quot;,&quot;size&quot;:&quot;&quot;,&quot;sizes&quot;:[]},&quot;_transform_scale_effect_mobile&quot;:{&quot;unit&quot;:&quot;px&quot;,&quot;size&quot;:&quot;&quot;,&quot;sizes&quot;:[]}}\" data-widget_type=\"image.default\">\n\t\t\t\t\t\t\t\t\t\t\t\t\t\t\t\t<a href=\"https:\/\/www.arianespace.com\/\" target=\"_blank\">\n\t\t\t\t\t\t\t<img decoding=\"async\" width=\"768\" height=\"139\" src=\"https:\/\/mt-aerospace-guyane.fr\/wp-content\/uploads\/2025\/12\/arianespace-768x139.jpg\" class=\"attachment-medium_large size-medium_large wp-image-3413\" alt=\"\" srcset=\"https:\/\/mt-aerospace-guyane.fr\/wp-content\/uploads\/2025\/12\/arianespace-768x139.jpg 768w, https:\/\/mt-aerospace-guyane.fr\/wp-content\/uploads\/2025\/12\/arianespace-300x54.jpg 300w, https:\/\/mt-aerospace-guyane.fr\/wp-content\/uploads\/2025\/12\/arianespace-1024x185.jpg 1024w, https:\/\/mt-aerospace-guyane.fr\/wp-content\/uploads\/2025\/12\/arianespace-18x3.jpg 18w, https:\/\/mt-aerospace-guyane.fr\/wp-content\/uploads\/2025\/12\/arianespace.jpg 1170w\" sizes=\"(max-width: 768px) 100vw, 768px\" \/>\t\t\t\t\t\t\t\t<\/a>\n\t\t\t\t\t\t\t\t\t\t\t\t\t\t\t<\/div>\n\t\t\t\t<div class=\"elementor-element elementor-element-8084039 e-transform elementor-widget elementor-widget-image\" data-id=\"8084039\" data-element_type=\"widget\" data-e-type=\"widget\" data-settings=\"{&quot;_transform_scale_effect&quot;:{&quot;unit&quot;:&quot;px&quot;,&quot;size&quot;:0.7,&quot;sizes&quot;:[]},&quot;_transform_scale_effect_laptop&quot;:{&quot;unit&quot;:&quot;px&quot;,&quot;size&quot;:&quot;&quot;,&quot;sizes&quot;:[]},&quot;_transform_scale_effect_tablet&quot;:{&quot;unit&quot;:&quot;px&quot;,&quot;size&quot;:&quot;&quot;,&quot;sizes&quot;:[]},&quot;_transform_scale_effect_mobile&quot;:{&quot;unit&quot;:&quot;px&quot;,&quot;size&quot;:&quot;&quot;,&quot;sizes&quot;:[]}}\" data-widget_type=\"image.default\">\n\t\t\t\t\t\t\t\t\t\t\t\t\t\t\t\t<a href=\"https:\/\/centrespatialguyanais.cnes.fr\/fr\/\" target=\"_blank\">\n\t\t\t\t\t\t\t<img decoding=\"async\" width=\"284\" height=\"177\" src=\"https:\/\/mt-aerospace-guyane.fr\/wp-content\/uploads\/2025\/12\/cn.png\" class=\"attachment-medium_large size-medium_large wp-image-2290\" alt=\"\" \/>\t\t\t\t\t\t\t\t<\/a>\n\t\t\t\t\t\t\t\t\t\t\t\t\t\t\t<\/div>\n\t\t\t\t\t<\/div>\n\t\t\t\t<\/div>\n\t\t\t\t<\/div>","protected":false},"excerpt":{"rendered":"<p>News News around the MT-Aerospace business &amp; Spaceindustry MT Aerospace AG receives order for structural parts for Rocket-Booster production for Ariane 6 September 26, 2025 Ariane 6 &#8211; VA266 successful launch December 17, 2025 Hydrogen is the driver for future decarbonised mobility solutions December 11, 2025 MT-Aerospace \/ Image Trailer January 5, 2026 Interview with Director Michael G\u00e4rtner July 18, 2025 Company Links<\/p>","protected":false},"author":1,"featured_media":0,"parent":0,"menu_order":0,"comment_status":"closed","ping_status":"closed","template":"","meta":{"footnotes":""},"class_list":["post-1707","page","type-page","status-publish","hentry"],"yoast_head":"<!-- This site is optimized with the Yoast SEO plugin v27.3 - https:\/\/yoast.com\/product\/yoast-seo-wordpress\/ -->\n<title>News around the MT-Aerospace business &amp; Spaceindustry<\/title>\n<meta name=\"description\" content=\"News around the MT-Aerospace Guyane business &amp; Spaceindustry\" \/>\n<meta name=\"robots\" content=\"index, follow, max-snippet:-1, max-image-preview:large, max-video-preview:-1\" \/>\n<link rel=\"canonical\" href=\"https:\/\/mt-aerospace-guyane.fr\/de\/news-mt-aerospace\/\" \/>\n<meta property=\"og:locale\" content=\"de_DE\" \/>\n<meta property=\"og:type\" content=\"article\" \/>\n<meta property=\"og:title\" content=\"News around the MT-Aerospace business &amp; Spaceindustry\" \/>\n<meta property=\"og:description\" content=\"News around the MT-Aerospace Guyane business &amp; Spaceindustry\" \/>\n<meta property=\"og:url\" content=\"https:\/\/mt-aerospace-guyane.fr\/de\/news-mt-aerospace\/\" \/>\n<meta property=\"og:site_name\" content=\"MT Aerospace Guyane\" \/>\n<meta property=\"article:modified_time\" content=\"2026-02-03T15:31:43+00:00\" \/>\n<meta property=\"og:image\" content=\"https:\/\/mt-aerospace-guyane.fr\/wp-content\/uploads\/2025\/12\/mt_a.png\" \/>\n<meta name=\"twitter:card\" content=\"summary_large_image\" \/>\n<meta name=\"twitter:label1\" content=\"Gesch\u00e4tzte Lesezeit\" \/>\n\t<meta name=\"twitter:data1\" content=\"1\u00a0Minute\" \/>\n<script type=\"application\/ld+json\" class=\"yoast-schema-graph\">{\"@context\":\"https:\\\/\\\/schema.org\",\"@graph\":[{\"@type\":\"WebPage\",\"@id\":\"https:\\\/\\\/mt-aerospace-guyane.fr\\\/news-mt-aerospace\\\/\",\"url\":\"https:\\\/\\\/mt-aerospace-guyane.fr\\\/news-mt-aerospace\\\/\",\"name\":\"News around the MT-Aerospace business & Spaceindustry\",\"isPartOf\":{\"@id\":\"https:\\\/\\\/mt-aerospace-guyane.fr\\\/#website\"},\"primaryImageOfPage\":{\"@id\":\"https:\\\/\\\/mt-aerospace-guyane.fr\\\/news-mt-aerospace\\\/#primaryimage\"},\"image\":{\"@id\":\"https:\\\/\\\/mt-aerospace-guyane.fr\\\/news-mt-aerospace\\\/#primaryimage\"},\"thumbnailUrl\":\"https:\\\/\\\/mt-aerospace-guyane.fr\\\/wp-content\\\/uploads\\\/2025\\\/12\\\/mt_a.png\",\"datePublished\":\"2025-11-20T18:08:22+00:00\",\"dateModified\":\"2026-02-03T15:31:43+00:00\",\"description\":\"News around the MT-Aerospace Guyane business & Spaceindustry\",\"breadcrumb\":{\"@id\":\"https:\\\/\\\/mt-aerospace-guyane.fr\\\/news-mt-aerospace\\\/#breadcrumb\"},\"inLanguage\":\"de\",\"potentialAction\":[{\"@type\":\"ReadAction\",\"target\":[\"https:\\\/\\\/mt-aerospace-guyane.fr\\\/news-mt-aerospace\\\/\"]}]},{\"@type\":\"ImageObject\",\"inLanguage\":\"de\",\"@id\":\"https:\\\/\\\/mt-aerospace-guyane.fr\\\/news-mt-aerospace\\\/#primaryimage\",\"url\":\"https:\\\/\\\/mt-aerospace-guyane.fr\\\/wp-content\\\/uploads\\\/2025\\\/12\\\/mt_a.png\",\"contentUrl\":\"https:\\\/\\\/mt-aerospace-guyane.fr\\\/wp-content\\\/uploads\\\/2025\\\/12\\\/mt_a.png\"},{\"@type\":\"BreadcrumbList\",\"@id\":\"https:\\\/\\\/mt-aerospace-guyane.fr\\\/news-mt-aerospace\\\/#breadcrumb\",\"itemListElement\":[{\"@type\":\"ListItem\",\"position\":1,\"name\":\"Start\",\"item\":\"https:\\\/\\\/mt-aerospace-guyane.fr\\\/\"},{\"@type\":\"ListItem\",\"position\":2,\"name\":\"News\"}]},{\"@type\":\"WebSite\",\"@id\":\"https:\\\/\\\/mt-aerospace-guyane.fr\\\/#website\",\"url\":\"https:\\\/\\\/mt-aerospace-guyane.fr\\\/\",\"name\":\"MT Aerospace Guyane\",\"description\":\"Landing Page\",\"publisher\":{\"@id\":\"https:\\\/\\\/mt-aerospace-guyane.fr\\\/#organization\"},\"potentialAction\":[{\"@type\":\"SearchAction\",\"target\":{\"@type\":\"EntryPoint\",\"urlTemplate\":\"https:\\\/\\\/mt-aerospace-guyane.fr\\\/?s={search_term_string}\"},\"query-input\":{\"@type\":\"PropertyValueSpecification\",\"valueRequired\":true,\"valueName\":\"search_term_string\"}}],\"inLanguage\":\"de\"},{\"@type\":\"Organization\",\"@id\":\"https:\\\/\\\/mt-aerospace-guyane.fr\\\/#organization\",\"name\":\"MT Aerospace Guyane\",\"url\":\"https:\\\/\\\/mt-aerospace-guyane.fr\\\/\",\"logo\":{\"@type\":\"ImageObject\",\"inLanguage\":\"de\",\"@id\":\"https:\\\/\\\/mt-aerospace-guyane.fr\\\/#\\\/schema\\\/logo\\\/image\\\/\",\"url\":\"https:\\\/\\\/mt-aerospace-guyane.fr\\\/wp-content\\\/uploads\\\/2025\\\/11\\\/cropped-Logo_Guyane_cmyk-1.png\",\"contentUrl\":\"https:\\\/\\\/mt-aerospace-guyane.fr\\\/wp-content\\\/uploads\\\/2025\\\/11\\\/cropped-Logo_Guyane_cmyk-1.png\",\"width\":1457,\"height\":220,\"caption\":\"MT Aerospace Guyane\"},\"image\":{\"@id\":\"https:\\\/\\\/mt-aerospace-guyane.fr\\\/#\\\/schema\\\/logo\\\/image\\\/\"}}]}<\/script>\n<!-- \/ Yoast SEO plugin. -->","yoast_head_json":{"title":"News around the MT-Aerospace business & Spaceindustry","description":"News around the MT-Aerospace Guyane business & Spaceindustry","robots":{"index":"index","follow":"follow","max-snippet":"max-snippet:-1","max-image-preview":"max-image-preview:large","max-video-preview":"max-video-preview:-1"},"canonical":"https:\/\/mt-aerospace-guyane.fr\/de\/news-mt-aerospace\/","og_locale":"de_DE","og_type":"article","og_title":"News around the MT-Aerospace business & Spaceindustry","og_description":"News around the MT-Aerospace Guyane business & Spaceindustry","og_url":"https:\/\/mt-aerospace-guyane.fr\/de\/news-mt-aerospace\/","og_site_name":"MT Aerospace Guyane","article_modified_time":"2026-02-03T15:31:43+00:00","og_image":[{"url":"https:\/\/mt-aerospace-guyane.fr\/wp-content\/uploads\/2025\/12\/mt_a.png","type":"","width":"","height":""}],"twitter_card":"summary_large_image","twitter_misc":{"Gesch\u00e4tzte Lesezeit":"1\u00a0Minute"},"schema":{"@context":"https:\/\/schema.org","@graph":[{"@type":"WebPage","@id":"https:\/\/mt-aerospace-guyane.fr\/news-mt-aerospace\/","url":"https:\/\/mt-aerospace-guyane.fr\/news-mt-aerospace\/","name":"News around the MT-Aerospace business & Spaceindustry","isPartOf":{"@id":"https:\/\/mt-aerospace-guyane.fr\/#website"},"primaryImageOfPage":{"@id":"https:\/\/mt-aerospace-guyane.fr\/news-mt-aerospace\/#primaryimage"},"image":{"@id":"https:\/\/mt-aerospace-guyane.fr\/news-mt-aerospace\/#primaryimage"},"thumbnailUrl":"https:\/\/mt-aerospace-guyane.fr\/wp-content\/uploads\/2025\/12\/mt_a.png","datePublished":"2025-11-20T18:08:22+00:00","dateModified":"2026-02-03T15:31:43+00:00","description":"News around the MT-Aerospace Guyane business & Spaceindustry","breadcrumb":{"@id":"https:\/\/mt-aerospace-guyane.fr\/news-mt-aerospace\/#breadcrumb"},"inLanguage":"de","potentialAction":[{"@type":"ReadAction","target":["https:\/\/mt-aerospace-guyane.fr\/news-mt-aerospace\/"]}]},{"@type":"ImageObject","inLanguage":"de","@id":"https:\/\/mt-aerospace-guyane.fr\/news-mt-aerospace\/#primaryimage","url":"https:\/\/mt-aerospace-guyane.fr\/wp-content\/uploads\/2025\/12\/mt_a.png","contentUrl":"https:\/\/mt-aerospace-guyane.fr\/wp-content\/uploads\/2025\/12\/mt_a.png"},{"@type":"BreadcrumbList","@id":"https:\/\/mt-aerospace-guyane.fr\/news-mt-aerospace\/#breadcrumb","itemListElement":[{"@type":"ListItem","position":1,"name":"Start","item":"https:\/\/mt-aerospace-guyane.fr\/"},{"@type":"ListItem","position":2,"name":"News"}]},{"@type":"WebSite","@id":"https:\/\/mt-aerospace-guyane.fr\/#website","url":"https:\/\/mt-aerospace-guyane.fr\/","name":"MT Aerospace Guyane","description":"Landing Page","publisher":{"@id":"https:\/\/mt-aerospace-guyane.fr\/#organization"},"potentialAction":[{"@type":"SearchAction","target":{"@type":"EntryPoint","urlTemplate":"https:\/\/mt-aerospace-guyane.fr\/?s={search_term_string}"},"query-input":{"@type":"PropertyValueSpecification","valueRequired":true,"valueName":"search_term_string"}}],"inLanguage":"de"},{"@type":"Organization","@id":"https:\/\/mt-aerospace-guyane.fr\/#organization","name":"MT Aerospace Guyane","url":"https:\/\/mt-aerospace-guyane.fr\/","logo":{"@type":"ImageObject","inLanguage":"de","@id":"https:\/\/mt-aerospace-guyane.fr\/#\/schema\/logo\/image\/","url":"https:\/\/mt-aerospace-guyane.fr\/wp-content\/uploads\/2025\/11\/cropped-Logo_Guyane_cmyk-1.png","contentUrl":"https:\/\/mt-aerospace-guyane.fr\/wp-content\/uploads\/2025\/11\/cropped-Logo_Guyane_cmyk-1.png","width":1457,"height":220,"caption":"MT Aerospace Guyane"},"image":{"@id":"https:\/\/mt-aerospace-guyane.fr\/#\/schema\/logo\/image\/"}}]}},"jetpack_sharing_enabled":true,"_links":{"self":[{"href":"https:\/\/mt-aerospace-guyane.fr\/de\/wp-json\/wp\/v2\/pages\/1707","targetHints":{"allow":["GET"]}}],"collection":[{"href":"https:\/\/mt-aerospace-guyane.fr\/de\/wp-json\/wp\/v2\/pages"}],"about":[{"href":"https:\/\/mt-aerospace-guyane.fr\/de\/wp-json\/wp\/v2\/types\/page"}],"author":[{"embeddable":true,"href":"https:\/\/mt-aerospace-guyane.fr\/de\/wp-json\/wp\/v2\/users\/1"}],"replies":[{"embeddable":true,"href":"https:\/\/mt-aerospace-guyane.fr\/de\/wp-json\/wp\/v2\/comments?post=1707"}],"version-history":[{"count":92,"href":"https:\/\/mt-aerospace-guyane.fr\/de\/wp-json\/wp\/v2\/pages\/1707\/revisions"}],"predecessor-version":[{"id":6288,"href":"https:\/\/mt-aerospace-guyane.fr\/de\/wp-json\/wp\/v2\/pages\/1707\/revisions\/6288"}],"wp:attachment":[{"href":"https:\/\/mt-aerospace-guyane.fr\/de\/wp-json\/wp\/v2\/media?parent=1707"}],"curies":[{"name":"wp","href":"https:\/\/api.w.org\/{rel}","templated":true}]}}