{"id":3398,"date":"2025-12-11T22:57:25","date_gmt":"2025-12-11T22:57:25","guid":{"rendered":"https:\/\/mt-aerospace-guyane.fr\/?page_id=3398"},"modified":"2026-03-20T12:04:46","modified_gmt":"2026-03-20T12:04:46","slug":"impressum-legal-notice","status":"publish","type":"page","link":"https:\/\/mt-aerospace-guyane.fr\/fr\/impressum-legal-notice\/","title":{"rendered":"Impressum - Mentions l\u00e9gales"},"content":{"rendered":"\t\t<div data-elementor-type=\"wp-page\" data-elementor-id=\"3398\" class=\"elementor elementor-3398\" data-elementor-post-type=\"page\">\n\t\t\t\t<div class=\"elementor-element elementor-element-ea6e099 e-flex e-con-boxed wpr-particle-no wpr-jarallax-no wpr-parallax-no wpr-sticky-section-no e-con e-parent\" data-id=\"ea6e099\" data-element_type=\"container\" data-e-type=\"container\" data-settings=\"{&quot;jet_parallax_layout_list&quot;:[]}\">\n\t\t\t\t\t<div class=\"e-con-inner\">\n\t\t\t\t<div class=\"elementor-element elementor-element-2926eee elementor-widget elementor-widget-heading\" data-id=\"2926eee\" data-element_type=\"widget\" data-e-type=\"widget\" data-widget_type=\"heading.default\">\n\t\t\t\t\t<h2 class=\"elementor-heading-title elementor-size-default\">Impresum - Legal Notice<\/h2>\t\t\t\t<\/div>\n\t\t\t\t\t<\/div>\n\t\t\t\t<\/div>\n\t\t<div class=\"elementor-element elementor-element-fb0257d e-flex e-con-boxed wpr-particle-no wpr-jarallax-no wpr-parallax-no wpr-sticky-section-no e-con e-parent\" data-id=\"fb0257d\" data-element_type=\"container\" data-e-type=\"container\" data-settings=\"{&quot;jet_parallax_layout_list&quot;:[]}\">\n\t\t\t\t\t<div class=\"e-con-inner\">\n\t\t\t\t<div class=\"elementor-element elementor-element-ff1a1ae elementor-widget elementor-widget-text-editor\" data-id=\"ff1a1ae\" data-element_type=\"widget\" data-e-type=\"widget\" data-widget_type=\"text-editor.default\">\n\t\t\t\t\t\t\t\t\t<h4>Company:<\/h4><p>MT-Aerospace Guyane <br \/>SAS &#8211; BP 820<br \/>97310 KOUROU Cedex<br \/>Residence Madame Paille -25-27, rue Branly<br \/>F-97310 KOUROU<br \/>Mobile : +594 694 03788<br \/>Email: contact@mt-aerospace.fr<br \/>Siret 411 976 475 00011 Code NAF 3313 Z<\/p><p>Management:<br \/>Director Mr. Michael G\u00e4rtner<\/p><p>Online Dispute Resolution Website of the EU Commision.<br \/>In order for consumers and traders to resolve a dispute out-of-court, the European Commission developed the Online Dispute Resolution Website: <a href=\"https:\/\/europa.eu\/youreurope\/business\/dealing-with-customers\/index_en.htm\">Dealing with customers &#8211; Your Europe<\/a><\/p>\t\t\t\t\t\t\t\t<\/div>\n\t\t\t\t<div class=\"elementor-element elementor-element-231f773 elementor-widget elementor-widget-text-editor\" data-id=\"231f773\" data-element_type=\"widget\" data-e-type=\"widget\" data-widget_type=\"text-editor.default\">\n\t\t\t\t\t\t\t\t\t<h4>Disclaimer:<\/h4><p>The content of this website is created with the utmost care. However, no guarantee is given for the accuracy, completeness, and timeliness of the content. As a service provider, we are responsible for our own content on these pages in accordance with Section 7 Paragraph 1 of the German Telemedia Act (TMG). However, according to Sections 8 to 10 of the TMG, we are not obliged as a website provider to monitor transmitted or stored third-party information or to investigate circumstances that indicate illegal activity.<\/p><p>This Website MT-Aerospace Guyane, is hosted in Germany by IONOS SE Elgendorfer Str. 57 56410 Montabaur<br \/>Therefore this site is under custody of the German TMG.<br \/>This Web-Presence mt-aerospace-guyane.fr hosted in Germany. It has a domain redirection from mt-aerospace.fr, hosted by Dynamips in France .<\/p><p>Data protection<br \/>In general, when visiting the website of [MT-Aerospace Guyane], no personal data is saved. However, these data can be given on a voluntary basis. No data will be passed on to third parties without your consent. We point out that in regard to unsecured data transmission in the internet (e.g. via email), security cannot be guaranteed. Such data could possibIy be accessed by third parties.<\/p><p>This site offers Cookie-Consent which allows you to select the level of data security while visiting our presence. Your data is your property and we support your right to privacy and transparency.<br \/>In accordance with the GDPR (General Data Protection Regulation), you have the right to access, rectify, and delete your personal data. To exercise these rights, please contact: contact@mt-aerospace.fr<\/p>\t\t\t\t\t\t\t\t<\/div>\n\t\t\t\t<div class=\"elementor-element elementor-element-24763c2 elementor-widget elementor-widget-text-editor\" data-id=\"24763c2\" data-element_type=\"widget\" data-e-type=\"widget\" data-widget_type=\"text-editor.default\">\n\t\t\t\t\t\t\t\t\t<h4>Google Analytics<\/h4><p>This website MT-Aerospace Guyane is not using Google Analytics or any other analytics tool.<\/p><p>For your information we share this general protection hint to be applied on your own risk:<br \/>How to prevent being tracked by Google Analytics<br \/>You may refuse the use of cookies by selecting the appropriate settings on your browser. However, please note that if you do this, you may not be able to use the full functionality of this website.<br \/>Furthermore you can prevent Google\u2019s collection and use of data (cookies and IP address) by downloading and installing the browser plug-in available under https:\/\/tools.google.com\/dlpage\/gaoptout?hl=en.<\/p><p>[Quelle\/Source Language Boutique.de]<\/p>\t\t\t\t\t\t\t\t<\/div>\n\t\t\t\t<div class=\"elementor-element elementor-element-d66a36d elementor-widget elementor-widget-text-editor\" data-id=\"d66a36d\" data-element_type=\"widget\" data-e-type=\"widget\" data-widget_type=\"text-editor.default\">\n\t\t\t\t\t\t\t\t\t<h4><span style=\"font-family: Verdana, sans-serif; font-size: 19px;\">Webdesign by CHRIJONIC<\/span><\/h4><p><em>Webdesign &amp; IT Support<\/em><br \/>christoph.heeb@chrijonic.de<br \/>50968 K\u00f6ln, Germany<\/p><p>Copyright:<\/p><p>The content and work created by the website operator on these pages are subject to German copyright law. Reproduction, processing, distribution, and any form of exploitation beyond the limits of copyright law require the written consent of the respective author or creator.<br \/>Copyright on pictures shown on this webpages are hold under Eureopean Space Agency ESA and Centre Spatial Guyanais CNES where this copyright is also marked on each appearance. Futher rights go to MT-Aerospace Germany, MT-Aerospace Guyane and CHRIJONIC Germany.<\/p>\t\t\t\t\t\t\t\t<\/div>\n\t\t\t\t\t<\/div>\n\t\t\t\t<\/div>\n\t\t\t\t<\/div>\n\t\t","protected":false},"excerpt":{"rendered":"<p>Impresum &#8211; Legal Notice Company: MT-Aerospace Guyane SAS &#8211; BP 82097310 KOUROU CedexResidence Madame Paille -25-27, rue BranlyF-97310 KOUROUMobile : +594 694 03788Email: contact@mt-aerospace.frSiret 411 976 475 00011 Code NAF 3313 Z Management:Director Mr. Michael G\u00e4rtner Online Dispute Resolution Website of the EU Commision.In order for consumers and traders to resolve a dispute out-of-court, the European Commission developed the Online Dispute Resolution Website: Dealing with customers &#8211; Your Europe Disclaimer: The content of this website is created with the utmost care. However, no guarantee is given for the accuracy, completeness, and timeliness of the content. As a service provider, we are responsible for our own content on these pages in accordance with Section 7 Paragraph 1 of the German Telemedia Act (TMG). However, according to Sections 8 to 10 of the TMG, we are not obliged as a website provider to monitor transmitted or stored third-party information or to investigate circumstances that indicate illegal activity. This Website MT-Aerospace Guyane, is hosted in Germany by IONOS SE Elgendorfer Str. 57 56410 MontabaurTherefore this site is under custody of the German TMG.This Web-Presence mt-aerospace-guyane.fr hosted in Germany. It has a domain redirection from mt-aerospace.fr, hosted by Dynamips in France . Data protectionIn general, when visiting the website of [MT-Aerospace Guyane], no personal data is saved. However, these data can be given on a voluntary basis. No data will be passed on to third parties without your consent. We point out that in regard to unsecured data transmission in the internet (e.g. via email), security cannot be guaranteed. Such data could possibIy be accessed by third parties. This site offers Cookie-Consent which allows you to select the level of data security while visiting our presence. Your data is your property and we support your right to privacy and transparency.In accordance with the GDPR (General Data Protection Regulation), you have the right to access, rectify, and delete your personal data. To exercise these rights, please contact: contact@mt-aerospace.fr Google Analytics This website MT-Aerospace Guyane is not using Google Analytics or any other analytics tool. For your information we share this general protection hint to be applied on your own risk:How to prevent being tracked by Google AnalyticsYou may refuse the use of cookies by selecting the appropriate settings on your browser. However, please note that if you do this, you may not be able to use the full functionality of this website.Furthermore you can prevent Google\u2019s collection and use of data (cookies and IP address) by downloading and installing the browser plug-in available under https:\/\/tools.google.com\/dlpage\/gaoptout?hl=en. [Quelle\/Source Language Boutique.de] Webdesign by CHRIJONIC Webdesign &amp; IT Supportchristoph.heeb@chrijonic.de50968 K\u00f6ln, Germany Copyright: The content and work created by the website operator on these pages are subject to German copyright law. Reproduction, processing, distribution, and any form of exploitation beyond the limits of copyright law require the written consent of the respective author or creator.Copyright on pictures shown on this webpages are hold under Eureopean Space Agency ESA and Centre Spatial Guyanais CNES where this copyright is also marked on each appearance. Futher rights go to MT-Aerospace Germany, MT-Aerospace Guyane and CHRIJONIC Germany.<\/p>\n","protected":false},"author":1,"featured_media":0,"parent":0,"menu_order":0,"comment_status":"closed","ping_status":"closed","template":"elementor_canvas","meta":{"footnotes":""},"class_list":["post-3398","page","type-page","status-publish","hentry"],"yoast_head":"<!-- This site is optimized with the Yoast SEO plugin v27.3 - https:\/\/yoast.com\/product\/yoast-seo-wordpress\/ -->\n<title>Impressum - Legal Notice - MT Aerospace Guyane<\/title>\n<meta name=\"description\" content=\"Impressum MT-Aerospace Guyane. The content of this website is created with the utmost care. However, no guarantee is given for completeness.\" \/>\n<meta name=\"robots\" content=\"index, follow, max-snippet:-1, max-image-preview:large, max-video-preview:-1\" \/>\n<link rel=\"canonical\" href=\"https:\/\/mt-aerospace-guyane.fr\/fr\/impressum-legal-notice\/\" \/>\n<meta property=\"og:locale\" content=\"fr_FR\" \/>\n<meta property=\"og:type\" content=\"article\" \/>\n<meta property=\"og:title\" content=\"Impressum - Legal Notice - MT Aerospace Guyane\" \/>\n<meta property=\"og:description\" content=\"Impressum MT-Aerospace Guyane. The content of this website is created with the utmost care. However, no guarantee is given for completeness.\" \/>\n<meta property=\"og:url\" content=\"https:\/\/mt-aerospace-guyane.fr\/fr\/impressum-legal-notice\/\" \/>\n<meta property=\"og:site_name\" content=\"MT Aerospace Guyane\" \/>\n<meta property=\"article:modified_time\" content=\"2026-03-20T12:04:46+00:00\" \/>\n<meta name=\"twitter:card\" content=\"summary_large_image\" \/>\n<meta name=\"twitter:label1\" content=\"Dur\u00e9e de lecture estim\u00e9e\" \/>\n\t<meta name=\"twitter:data1\" content=\"3 minutes\" \/>\n<script type=\"application\/ld+json\" class=\"yoast-schema-graph\">{\"@context\":\"https:\\\/\\\/schema.org\",\"@graph\":[{\"@type\":\"WebPage\",\"@id\":\"https:\\\/\\\/mt-aerospace-guyane.fr\\\/impressum-legal-notice\\\/\",\"url\":\"https:\\\/\\\/mt-aerospace-guyane.fr\\\/impressum-legal-notice\\\/\",\"name\":\"Impressum - Legal Notice - MT Aerospace Guyane\",\"isPartOf\":{\"@id\":\"https:\\\/\\\/mt-aerospace-guyane.fr\\\/#website\"},\"datePublished\":\"2025-12-11T22:57:25+00:00\",\"dateModified\":\"2026-03-20T12:04:46+00:00\",\"description\":\"Impressum MT-Aerospace Guyane. The content of this website is created with the utmost care. However, no guarantee is given for completeness.\",\"breadcrumb\":{\"@id\":\"https:\\\/\\\/mt-aerospace-guyane.fr\\\/impressum-legal-notice\\\/#breadcrumb\"},\"inLanguage\":\"fr-FR\",\"potentialAction\":[{\"@type\":\"ReadAction\",\"target\":[\"https:\\\/\\\/mt-aerospace-guyane.fr\\\/impressum-legal-notice\\\/\"]}]},{\"@type\":\"BreadcrumbList\",\"@id\":\"https:\\\/\\\/mt-aerospace-guyane.fr\\\/impressum-legal-notice\\\/#breadcrumb\",\"itemListElement\":[{\"@type\":\"ListItem\",\"position\":1,\"name\":\"Start\",\"item\":\"https:\\\/\\\/mt-aerospace-guyane.fr\\\/\"},{\"@type\":\"ListItem\",\"position\":2,\"name\":\"Impressum &#8211; Legal Notice\"}]},{\"@type\":\"WebSite\",\"@id\":\"https:\\\/\\\/mt-aerospace-guyane.fr\\\/#website\",\"url\":\"https:\\\/\\\/mt-aerospace-guyane.fr\\\/\",\"name\":\"MT Aerospace Guyane\",\"description\":\"Landing Page\",\"publisher\":{\"@id\":\"https:\\\/\\\/mt-aerospace-guyane.fr\\\/#organization\"},\"potentialAction\":[{\"@type\":\"SearchAction\",\"target\":{\"@type\":\"EntryPoint\",\"urlTemplate\":\"https:\\\/\\\/mt-aerospace-guyane.fr\\\/?s={search_term_string}\"},\"query-input\":{\"@type\":\"PropertyValueSpecification\",\"valueRequired\":true,\"valueName\":\"search_term_string\"}}],\"inLanguage\":\"fr-FR\"},{\"@type\":\"Organization\",\"@id\":\"https:\\\/\\\/mt-aerospace-guyane.fr\\\/#organization\",\"name\":\"MT Aerospace Guyane\",\"url\":\"https:\\\/\\\/mt-aerospace-guyane.fr\\\/\",\"logo\":{\"@type\":\"ImageObject\",\"inLanguage\":\"fr-FR\",\"@id\":\"https:\\\/\\\/mt-aerospace-guyane.fr\\\/#\\\/schema\\\/logo\\\/image\\\/\",\"url\":\"https:\\\/\\\/mt-aerospace-guyane.fr\\\/wp-content\\\/uploads\\\/2025\\\/11\\\/cropped-Logo_Guyane_cmyk-1.png\",\"contentUrl\":\"https:\\\/\\\/mt-aerospace-guyane.fr\\\/wp-content\\\/uploads\\\/2025\\\/11\\\/cropped-Logo_Guyane_cmyk-1.png\",\"width\":1457,\"height\":220,\"caption\":\"MT Aerospace Guyane\"},\"image\":{\"@id\":\"https:\\\/\\\/mt-aerospace-guyane.fr\\\/#\\\/schema\\\/logo\\\/image\\\/\"}}]}<\/script>\n<!-- \/ Yoast SEO plugin. -->","yoast_head_json":{"title":"Impressum - Mentions l\u00e9gales - MT Aerospace Guyane","description":"Impressum MT-Aerospace Guyane. Le contenu de ce site web est cr\u00e9\u00e9 avec le plus grand soin. Cependant, aucune garantie n'est donn\u00e9e quant \u00e0 son exhaustivit\u00e9.","robots":{"index":"index","follow":"follow","max-snippet":"max-snippet:-1","max-image-preview":"max-image-preview:large","max-video-preview":"max-video-preview:-1"},"canonical":"https:\/\/mt-aerospace-guyane.fr\/fr\/impressum-legal-notice\/","og_locale":"fr_FR","og_type":"article","og_title":"Impressum - Legal Notice - MT Aerospace Guyane","og_description":"Impressum MT-Aerospace Guyane. The content of this website is created with the utmost care. However, no guarantee is given for completeness.","og_url":"https:\/\/mt-aerospace-guyane.fr\/fr\/impressum-legal-notice\/","og_site_name":"MT Aerospace Guyane","article_modified_time":"2026-03-20T12:04:46+00:00","twitter_card":"summary_large_image","twitter_misc":{"Dur\u00e9e de lecture estim\u00e9e":"3 minutes"},"schema":{"@context":"https:\/\/schema.org","@graph":[{"@type":"WebPage","@id":"https:\/\/mt-aerospace-guyane.fr\/impressum-legal-notice\/","url":"https:\/\/mt-aerospace-guyane.fr\/impressum-legal-notice\/","name":"Impressum - Mentions l\u00e9gales - MT Aerospace Guyane","isPartOf":{"@id":"https:\/\/mt-aerospace-guyane.fr\/#website"},"datePublished":"2025-12-11T22:57:25+00:00","dateModified":"2026-03-20T12:04:46+00:00","description":"Impressum MT-Aerospace Guyane. Le contenu de ce site web est cr\u00e9\u00e9 avec le plus grand soin. Cependant, aucune garantie n'est donn\u00e9e quant \u00e0 son exhaustivit\u00e9.","breadcrumb":{"@id":"https:\/\/mt-aerospace-guyane.fr\/impressum-legal-notice\/#breadcrumb"},"inLanguage":"fr-FR","potentialAction":[{"@type":"ReadAction","target":["https:\/\/mt-aerospace-guyane.fr\/impressum-legal-notice\/"]}]},{"@type":"BreadcrumbList","@id":"https:\/\/mt-aerospace-guyane.fr\/impressum-legal-notice\/#breadcrumb","itemListElement":[{"@type":"ListItem","position":1,"name":"Start","item":"https:\/\/mt-aerospace-guyane.fr\/"},{"@type":"ListItem","position":2,"name":"Impressum &#8211; Legal Notice"}]},{"@type":"WebSite","@id":"https:\/\/mt-aerospace-guyane.fr\/#website","url":"https:\/\/mt-aerospace-guyane.fr\/","name":"MT Aerospace Guyane","description":"Page d'atterrissage","publisher":{"@id":"https:\/\/mt-aerospace-guyane.fr\/#organization"},"potentialAction":[{"@type":"SearchAction","target":{"@type":"EntryPoint","urlTemplate":"https:\/\/mt-aerospace-guyane.fr\/?s={search_term_string}"},"query-input":{"@type":"PropertyValueSpecification","valueRequired":true,"valueName":"search_term_string"}}],"inLanguage":"fr-FR"},{"@type":"Organization","@id":"https:\/\/mt-aerospace-guyane.fr\/#organization","name":"MT Aerospace Guyane","url":"https:\/\/mt-aerospace-guyane.fr\/","logo":{"@type":"ImageObject","inLanguage":"fr-FR","@id":"https:\/\/mt-aerospace-guyane.fr\/#\/schema\/logo\/image\/","url":"https:\/\/mt-aerospace-guyane.fr\/wp-content\/uploads\/2025\/11\/cropped-Logo_Guyane_cmyk-1.png","contentUrl":"https:\/\/mt-aerospace-guyane.fr\/wp-content\/uploads\/2025\/11\/cropped-Logo_Guyane_cmyk-1.png","width":1457,"height":220,"caption":"MT Aerospace Guyane"},"image":{"@id":"https:\/\/mt-aerospace-guyane.fr\/#\/schema\/logo\/image\/"}}]}},"jetpack_sharing_enabled":true,"_links":{"self":[{"href":"https:\/\/mt-aerospace-guyane.fr\/fr\/wp-json\/wp\/v2\/pages\/3398","targetHints":{"allow":["GET"]}}],"collection":[{"href":"https:\/\/mt-aerospace-guyane.fr\/fr\/wp-json\/wp\/v2\/pages"}],"about":[{"href":"https:\/\/mt-aerospace-guyane.fr\/fr\/wp-json\/wp\/v2\/types\/page"}],"author":[{"embeddable":true,"href":"https:\/\/mt-aerospace-guyane.fr\/fr\/wp-json\/wp\/v2\/users\/1"}],"replies":[{"embeddable":true,"href":"https:\/\/mt-aerospace-guyane.fr\/fr\/wp-json\/wp\/v2\/comments?post=3398"}],"version-history":[{"count":120,"href":"https:\/\/mt-aerospace-guyane.fr\/fr\/wp-json\/wp\/v2\/pages\/3398\/revisions"}],"predecessor-version":[{"id":6320,"href":"https:\/\/mt-aerospace-guyane.fr\/fr\/wp-json\/wp\/v2\/pages\/3398\/revisions\/6320"}],"wp:attachment":[{"href":"https:\/\/mt-aerospace-guyane.fr\/fr\/wp-json\/wp\/v2\/media?parent=3398"}],"curies":[{"name":"wp","href":"https:\/\/api.w.org\/{rel}","templated":true}]}}